{"id":116,"date":"2017-02-16T11:05:27","date_gmt":"2017-02-16T11:05:27","guid":{"rendered":"https:\/\/xml-io.proteusthemes.com\/medicpress\/?page_id=116"},"modified":"2023-10-12T08:08:12","modified_gmt":"2023-10-12T08:08:12","slug":"departments","status":"publish","type":"page","link":"https:\/\/pflegeteam-silberspatz.de\/?page_id=116","title":{"rendered":"Unsere Leistungen"},"content":{"rendered":"<div id=\"pl-116\"  class=\"panel-layout\" ><div id=\"pg-116-0\"  class=\"panel-grid panel-no-style\" ><div id=\"pgc-116-0-0\"  class=\"panel-grid-cell\" ><div id=\"panel-116-0-0-0\" class=\"so-panel widget widget_pw_featured_page widget-featured-page panel-first-child panel-last-child\" data-index=\"0\" >\n\t<div class=\"page-box  page-box--block\">\n\t\t\t\t\t\t<a class=\"page-box__picture\" href=\"https:\/\/pflegeteam-silberspatz.de\/?page_id=307\">\n\t\t\t\t\t<img fetchpriority=\"high\" decoding=\"async\" src=\"https:\/\/pflegeteam-silberspatz.de\/wp-content\/uploads\/2023\/06\/grundpflegeps-350x175.png\" width=\"350\" height=\"175\" srcset=\"https:\/\/pflegeteam-silberspatz.de\/wp-content\/uploads\/2023\/06\/grundpflegeps-350x175.png 350w, https:\/\/pflegeteam-silberspatz.de\/wp-content\/uploads\/2023\/06\/grundpflegeps.png 860w\" sizes=\"(min-width: 1200px) 350px, (min-width: 992px) 290px, (min-width: 768px) 690px, (min-width: 576px) 510px, calc(100vw - 30px)\" class=\"wp-post-image\" alt=\"Grundpflege\">\n\t\t\t\t\t\t\t\t\t<\/a>\n\t\t\t\t\t\t\t\t<div class=\"page-box__content\">\n\t\t\t<h2 class=\"page-box__title\"><a href=\"https:\/\/pflegeteam-silberspatz.de\/?page_id=307\">Grundpflege<\/a><\/h2>\n\t\t\t<p class=\"page-box__text\">Grundpflege\n\nHilfe bei der K\u00f6rpferpflege (Waschen, Baden, Anziehen)\nHilfe bei der NahrungsaufnahmenHilfe bei der Mobilisierung\nHilfe beim Toilettengang\nHilfe &hellip;<\/p>\n\t\t\t\t\t<\/div>\n\t<\/div>\n\n<\/div><\/div><div id=\"pgc-116-0-1\"  class=\"panel-grid-cell\" ><div id=\"panel-116-0-1-0\" class=\"so-panel widget widget_pw_featured_page widget-featured-page panel-first-child panel-last-child\" data-index=\"1\" >\n\t<div class=\"page-box  page-box--block\">\n\t\t\t\t\t\t<a class=\"page-box__picture\" href=\"https:\/\/pflegeteam-silberspatz.de\/?page_id=1261\">\n\t\t\t\t\t<img decoding=\"async\" src=\"https:\/\/pflegeteam-silberspatz.de\/wp-content\/uploads\/2023\/06\/BehandlungspflegePS-350x175.png\" width=\"350\" height=\"175\" srcset=\"https:\/\/pflegeteam-silberspatz.de\/wp-content\/uploads\/2023\/06\/BehandlungspflegePS-350x175.png 350w, https:\/\/pflegeteam-silberspatz.de\/wp-content\/uploads\/2023\/06\/BehandlungspflegePS.png 860w\" sizes=\"(min-width: 1200px) 350px, (min-width: 992px) 290px, (min-width: 768px) 690px, (min-width: 576px) 510px, calc(100vw - 30px)\" class=\"wp-post-image\" alt=\"Behandlungspflege\">\n\t\t\t\t\t\t\t\t\t<\/a>\n\t\t\t\t\t\t\t\t<div class=\"page-box__content\">\n\t\t\t<h2 class=\"page-box__title\"><a href=\"https:\/\/pflegeteam-silberspatz.de\/?page_id=1261\">Behandlungspflege<\/a><\/h2>\n\t\t\t<p class=\"page-box__text\">Behandlungspfelge\n\n\n\n\n\n\n\n\n\nMedikamentenmanagement\nWunderversorgung\nAn- und Ausziehen von Kompressionsstr\u00fcmpfen\nKompressionsverb\u00e4nde anlegen\n\u00dcberwachung &hellip;<\/p>\n\t\t\t\t\t<\/div>\n\t<\/div>\n\n<\/div><\/div><\/div><div id=\"pg-116-1\"  class=\"panel-grid panel-no-style\" ><div id=\"pgc-116-1-0\"  class=\"panel-grid-cell\" ><div id=\"panel-116-1-0-0\" class=\"so-panel widget widget_pw_featured_page widget-featured-page panel-first-child panel-last-child\" data-index=\"2\" >\n\t<div class=\"page-box  page-box--block\">\n\t\t\t\t\t\t<a class=\"page-box__picture\" href=\"https:\/\/pflegeteam-silberspatz.de\/?page_id=305\">\n\t\t\t\t\t<img decoding=\"async\" src=\"https:\/\/pflegeteam-silberspatz.de\/wp-content\/uploads\/2023\/06\/VerhinderungspflegePS-350x175.png\" width=\"350\" height=\"175\" srcset=\"https:\/\/pflegeteam-silberspatz.de\/wp-content\/uploads\/2023\/06\/VerhinderungspflegePS-350x175.png 350w, https:\/\/pflegeteam-silberspatz.de\/wp-content\/uploads\/2023\/06\/VerhinderungspflegePS.png 860w\" sizes=\"(min-width: 1200px) 350px, (min-width: 992px) 290px, (min-width: 768px) 690px, (min-width: 576px) 510px, calc(100vw - 30px)\" class=\"wp-post-image\" alt=\"Verhinderungspflege\">\n\t\t\t\t\t\t\t\t\t<\/a>\n\t\t\t\t\t\t\t\t<div class=\"page-box__content\">\n\t\t\t<h2 class=\"page-box__title\"><a href=\"https:\/\/pflegeteam-silberspatz.de\/?page_id=305\">Verhinderungspflege<\/a><\/h2>\n\t\t\t<p class=\"page-box__text\">Verhinderungspflege\n\n\n\n\t\n\n\n\n\n\nDie Verhinderungspflege entlastet pflegende Angeh\u00f6rige, wenn sie mal eine Pause oder eine\u00a0 Auszeit f\u00fcr sich &hellip;<\/p>\n\t\t\t\t\t<\/div>\n\t<\/div>\n\n<\/div><\/div><div id=\"pgc-116-1-1\"  class=\"panel-grid-cell\" ><div id=\"panel-116-1-1-0\" class=\"so-panel widget widget_pw_featured_page widget-featured-page panel-first-child panel-last-child\" data-index=\"3\" >\n\t<div class=\"page-box  page-box--block\">\n\t\t\t\t\t\t<a class=\"page-box__picture\" href=\"https:\/\/pflegeteam-silberspatz.de\/?page_id=156\">\n\t\t\t\t\t<img loading=\"lazy\" decoding=\"async\" src=\"https:\/\/pflegeteam-silberspatz.de\/wp-content\/uploads\/2023\/06\/Betreuungs-EntlastungsleistungPS-350x175.png\" width=\"350\" height=\"175\" srcset=\"https:\/\/pflegeteam-silberspatz.de\/wp-content\/uploads\/2023\/06\/Betreuungs-EntlastungsleistungPS-350x175.png 350w, https:\/\/pflegeteam-silberspatz.de\/wp-content\/uploads\/2023\/06\/Betreuungs-EntlastungsleistungPS.png 860w\" sizes=\"(min-width: 1200px) 350px, (min-width: 992px) 290px, (min-width: 768px) 690px, (min-width: 576px) 510px, calc(100vw - 30px)\" class=\"wp-post-image\" alt=\"Betreuungs- und Entlastungsleistungen\">\n\t\t\t\t\t\t\t\t\t<\/a>\n\t\t\t\t\t\t\t\t<div class=\"page-box__content\">\n\t\t\t<h2 class=\"page-box__title\"><a href=\"https:\/\/pflegeteam-silberspatz.de\/?page_id=156\">Betreuungs- und Entlastungsleistungen<\/a><\/h2>\n\t\t\t<p class=\"page-box__text\">Betreuungs - und Entlastungsleistungen\nWir stehen Ihnen auch \u00fcber einen l\u00e4ngeren Zeitraum zur Seite. Ganz gleich, welche Art von Unterst\u00fctzung &hellip;<\/p>\n\t\t\t\t\t<\/div>\n\t<\/div>\n\n<\/div><\/div><\/div><div id=\"pg-116-2\"  class=\"panel-grid panel-no-style\" ><div id=\"pgc-116-2-0\"  class=\"panel-grid-cell\" ><div id=\"panel-116-2-0-0\" class=\"so-panel widget widget_pw_featured_page widget-featured-page panel-first-child panel-last-child\" data-index=\"4\" >\n\t<div class=\"page-box  page-box--block\">\n\t\t\t\t\t\t<a class=\"page-box__picture\" href=\"https:\/\/pflegeteam-silberspatz.de\/?page_id=154\">\n\t\t\t\t\t<img loading=\"lazy\" decoding=\"async\" src=\"https:\/\/pflegeteam-silberspatz.de\/wp-content\/uploads\/2023\/06\/BetratungsservicePS-350x175.png\" width=\"350\" height=\"175\" srcset=\"https:\/\/pflegeteam-silberspatz.de\/wp-content\/uploads\/2023\/06\/BetratungsservicePS-350x175.png 350w, https:\/\/pflegeteam-silberspatz.de\/wp-content\/uploads\/2023\/06\/BetratungsservicePS.png 860w\" sizes=\"(min-width: 1200px) 350px, (min-width: 992px) 290px, (min-width: 768px) 690px, (min-width: 576px) 510px, calc(100vw - 30px)\" class=\"wp-post-image\" alt=\"Beratungsservice\">\n\t\t\t\t\t\t\t\t\t<\/a>\n\t\t\t\t\t\t\t\t<div class=\"page-box__content\">\n\t\t\t<h2 class=\"page-box__title\"><a href=\"https:\/\/pflegeteam-silberspatz.de\/?page_id=154\">Beratungsservice<\/a><\/h2>\n\t\t\t<p class=\"page-box__text\">Beratungsservice\n\n\nIhr Pflegeteam Silberspatz ber\u00e4t Sie kostenlos zu Pflege, Zusch\u00fcssen und Mobilit\u00e4t im Alter. Bei uns steht der pers\u00f6nliche &hellip;<\/p>\n\t\t\t\t\t<\/div>\n\t<\/div>\n\n<\/div><\/div><div id=\"pgc-116-2-1\"  class=\"panel-grid-cell\" ><div id=\"panel-116-2-1-0\" class=\"so-panel widget widget_pw_featured_page widget-featured-page panel-first-child panel-last-child\" data-index=\"5\" >\n\t<div class=\"page-box  page-box--block\">\n\t\t\t\t\t\t<a class=\"page-box__picture\" href=\"https:\/\/pflegeteam-silberspatz.de\/?page_id=151\">\n\t\t\t\t\t<img loading=\"lazy\" decoding=\"async\" src=\"https:\/\/pflegeteam-silberspatz.de\/wp-content\/uploads\/2023\/06\/Antragsservice-PS-350x175.png\" width=\"350\" height=\"175\" srcset=\"https:\/\/pflegeteam-silberspatz.de\/wp-content\/uploads\/2023\/06\/Antragsservice-PS-350x175.png 350w, https:\/\/pflegeteam-silberspatz.de\/wp-content\/uploads\/2023\/06\/Antragsservice-PS.png 860w\" sizes=\"(min-width: 1200px) 350px, (min-width: 992px) 290px, (min-width: 768px) 690px, (min-width: 576px) 510px, calc(100vw - 30px)\" class=\"wp-post-image\" alt=\"Antragsservice\">\n\t\t\t\t\t\t\t\t\t<\/a>\n\t\t\t\t\t\t\t\t<div class=\"page-box__content\">\n\t\t\t<h2 class=\"page-box__title\"><a href=\"https:\/\/pflegeteam-silberspatz.de\/?page_id=151\">Antragsservice<\/a><\/h2>\n\t\t\t<p class=\"page-box__text\">Antragsservice\n\n\n\n\t\n\nDie enge Zusammenarbeit mit Versicherungen, Kasse und \u00c4mtern erm\u00f6glicht es uns Ihnen den Verwaltungsaufwand zu vereinfachen.\n\n\n\n\n\nAbwicklung &hellip;<\/p>\n\t\t\t\t\t<\/div>\n\t<\/div>\n\n<\/div><\/div><\/div><\/div>","protected":false},"excerpt":{"rendered":"<p>Grundpflege Grundpflege Hilfe bei der K\u00f6rpferpflege (Waschen, Baden, Anziehen) Hilfe bei der NahrungsaufnahmenHilfe bei der Mobilisierung Hilfe beim Toilettengang Hilfe &hellip; Behandlungspflege Behandlungspfelge Medikamentenmanagement Wunderversorgung An- und Ausziehen von Kompressionsstr\u00fcmpfen Kompressionsverb\u00e4nde anlegen \u00dcberwachung &hellip; Verhinderungspflege Verhinderungspflege Die Verhinderungspflege entlastet pflegende Angeh\u00f6rige, wenn sie mal eine Pause oder eine\u00a0 Auszeit f\u00fcr sich &hellip; Betreuungs- und Entlastungsleistungen &hellip;<\/p>\n","protected":false},"author":1,"featured_media":0,"parent":0,"menu_order":0,"comment_status":"closed","ping_status":"closed","template":"","meta":{"_acf_changed":false,"footnotes":""},"class_list":{"0":"post-116","1":"page","2":"type-page","3":"status-publish","5":"clearfix","6":"article"},"acf":[],"yoast_head":"<!-- This site is optimized with the Yoast SEO plugin v26.8 - https:\/\/yoast.com\/product\/yoast-seo-wordpress\/ -->\n<title>Unsere Leistungen - Pflegeteam Silberspatz<\/title>\n<meta name=\"robots\" content=\"index, follow, max-snippet:-1, max-image-preview:large, max-video-preview:-1\" \/>\n<link rel=\"canonical\" href=\"https:\/\/pflegeteam-silberspatz.de\/?page_id=116\" \/>\n<meta property=\"og:locale\" content=\"de_DE\" \/>\n<meta property=\"og:type\" content=\"article\" \/>\n<meta property=\"og:title\" content=\"Unsere Leistungen - Pflegeteam Silberspatz\" \/>\n<meta property=\"og:description\" content=\"Grundpflege Grundpflege Hilfe bei der K\u00f6rpferpflege (Waschen, Baden, Anziehen) Hilfe bei der NahrungsaufnahmenHilfe bei der Mobilisierung Hilfe beim Toilettengang Hilfe &hellip; Behandlungspflege Behandlungspfelge Medikamentenmanagement Wunderversorgung An- und Ausziehen von Kompressionsstr\u00fcmpfen Kompressionsverb\u00e4nde anlegen \u00dcberwachung &hellip; Verhinderungspflege Verhinderungspflege Die Verhinderungspflege entlastet pflegende Angeh\u00f6rige, wenn sie mal eine Pause oder eine\u00a0 Auszeit f\u00fcr sich &hellip; Betreuungs- und Entlastungsleistungen &hellip;\" \/>\n<meta property=\"og:url\" content=\"https:\/\/pflegeteam-silberspatz.de\/?page_id=116\" \/>\n<meta property=\"og:site_name\" content=\"Pflegeteam Silberspatz\" \/>\n<meta property=\"article:publisher\" content=\"https:\/\/www.facebook.com\/profile.php?id=100091576785869\" \/>\n<meta property=\"article:modified_time\" content=\"2023-10-12T08:08:12+00:00\" \/>\n<meta name=\"twitter:card\" content=\"summary_large_image\" \/>\n<meta name=\"twitter:label1\" content=\"Gesch\u00e4tzte Lesezeit\" \/>\n\t<meta name=\"twitter:data1\" content=\"1 Minute\" \/>\n<script type=\"application\/ld+json\" class=\"yoast-schema-graph\">{\"@context\":\"https:\/\/schema.org\",\"@graph\":[{\"@type\":\"WebPage\",\"@id\":\"https:\/\/pflegeteam-silberspatz.de\/?page_id=116\",\"url\":\"https:\/\/pflegeteam-silberspatz.de\/?page_id=116\",\"name\":\"Unsere Leistungen - Pflegeteam Silberspatz\",\"isPartOf\":{\"@id\":\"https:\/\/pflegeteam-silberspatz.de\/#website\"},\"datePublished\":\"2017-02-16T11:05:27+00:00\",\"dateModified\":\"2023-10-12T08:08:12+00:00\",\"breadcrumb\":{\"@id\":\"https:\/\/pflegeteam-silberspatz.de\/?page_id=116#breadcrumb\"},\"inLanguage\":\"de\",\"potentialAction\":[{\"@type\":\"ReadAction\",\"target\":[\"https:\/\/pflegeteam-silberspatz.de\/?page_id=116\"]}]},{\"@type\":\"BreadcrumbList\",\"@id\":\"https:\/\/pflegeteam-silberspatz.de\/?page_id=116#breadcrumb\",\"itemListElement\":[{\"@type\":\"ListItem\",\"position\":1,\"name\":\"Startseite\",\"item\":\"https:\/\/pflegeteam-silberspatz.de\/\"},{\"@type\":\"ListItem\",\"position\":2,\"name\":\"Unsere Leistungen\"}]},{\"@type\":\"WebSite\",\"@id\":\"https:\/\/pflegeteam-silberspatz.de\/#website\",\"url\":\"https:\/\/pflegeteam-silberspatz.de\/\",\"name\":\"Pflegeteam Silberspatz GmbH - Der Spatz pflegt seinen Schatz.\",\"description\":\"Der Spatz pflegt seinen Schatz.\",\"publisher\":{\"@id\":\"https:\/\/pflegeteam-silberspatz.de\/#organization\"},\"potentialAction\":[{\"@type\":\"SearchAction\",\"target\":{\"@type\":\"EntryPoint\",\"urlTemplate\":\"https:\/\/pflegeteam-silberspatz.de\/?s={search_term_string}\"},\"query-input\":{\"@type\":\"PropertyValueSpecification\",\"valueRequired\":true,\"valueName\":\"search_term_string\"}}],\"inLanguage\":\"de\"},{\"@type\":\"Organization\",\"@id\":\"https:\/\/pflegeteam-silberspatz.de\/#organization\",\"name\":\"Pflegeteam Silberspatz GmbH - Der Spatz pflegt seinen Schatz.\",\"url\":\"https:\/\/pflegeteam-silberspatz.de\/\",\"logo\":{\"@type\":\"ImageObject\",\"inLanguage\":\"de\",\"@id\":\"https:\/\/pflegeteam-silberspatz.de\/#\/schema\/logo\/image\/\",\"url\":\"https:\/\/pflegeteam-silberspatz.de\/wp-content\/uploads\/2023\/04\/PflegeSpatz20233-e1685614471346.png\",\"contentUrl\":\"https:\/\/pflegeteam-silberspatz.de\/wp-content\/uploads\/2023\/04\/PflegeSpatz20233-e1685614471346.png\",\"width\":152,\"height\":107,\"caption\":\"Pflegeteam Silberspatz GmbH - Der Spatz pflegt seinen Schatz.\"},\"image\":{\"@id\":\"https:\/\/pflegeteam-silberspatz.de\/#\/schema\/logo\/image\/\"},\"sameAs\":[\"https:\/\/www.facebook.com\/profile.php?id=100091576785869\"]}]}<\/script>\n<!-- \/ Yoast SEO plugin. -->","yoast_head_json":{"title":"Unsere Leistungen - Pflegeteam Silberspatz","robots":{"index":"index","follow":"follow","max-snippet":"max-snippet:-1","max-image-preview":"max-image-preview:large","max-video-preview":"max-video-preview:-1"},"canonical":"https:\/\/pflegeteam-silberspatz.de\/?page_id=116","og_locale":"de_DE","og_type":"article","og_title":"Unsere Leistungen - Pflegeteam Silberspatz","og_description":"Grundpflege Grundpflege Hilfe bei der K\u00f6rpferpflege (Waschen, Baden, Anziehen) Hilfe bei der NahrungsaufnahmenHilfe bei der Mobilisierung Hilfe beim Toilettengang Hilfe &hellip; Behandlungspflege Behandlungspfelge Medikamentenmanagement Wunderversorgung An- und Ausziehen von Kompressionsstr\u00fcmpfen Kompressionsverb\u00e4nde anlegen \u00dcberwachung &hellip; Verhinderungspflege Verhinderungspflege Die Verhinderungspflege entlastet pflegende Angeh\u00f6rige, wenn sie mal eine Pause oder eine\u00a0 Auszeit f\u00fcr sich &hellip; Betreuungs- und Entlastungsleistungen &hellip;","og_url":"https:\/\/pflegeteam-silberspatz.de\/?page_id=116","og_site_name":"Pflegeteam Silberspatz","article_publisher":"https:\/\/www.facebook.com\/profile.php?id=100091576785869","article_modified_time":"2023-10-12T08:08:12+00:00","twitter_card":"summary_large_image","twitter_misc":{"Gesch\u00e4tzte Lesezeit":"1 Minute"},"schema":{"@context":"https:\/\/schema.org","@graph":[{"@type":"WebPage","@id":"https:\/\/pflegeteam-silberspatz.de\/?page_id=116","url":"https:\/\/pflegeteam-silberspatz.de\/?page_id=116","name":"Unsere Leistungen - Pflegeteam Silberspatz","isPartOf":{"@id":"https:\/\/pflegeteam-silberspatz.de\/#website"},"datePublished":"2017-02-16T11:05:27+00:00","dateModified":"2023-10-12T08:08:12+00:00","breadcrumb":{"@id":"https:\/\/pflegeteam-silberspatz.de\/?page_id=116#breadcrumb"},"inLanguage":"de","potentialAction":[{"@type":"ReadAction","target":["https:\/\/pflegeteam-silberspatz.de\/?page_id=116"]}]},{"@type":"BreadcrumbList","@id":"https:\/\/pflegeteam-silberspatz.de\/?page_id=116#breadcrumb","itemListElement":[{"@type":"ListItem","position":1,"name":"Startseite","item":"https:\/\/pflegeteam-silberspatz.de\/"},{"@type":"ListItem","position":2,"name":"Unsere Leistungen"}]},{"@type":"WebSite","@id":"https:\/\/pflegeteam-silberspatz.de\/#website","url":"https:\/\/pflegeteam-silberspatz.de\/","name":"Pflegeteam Silberspatz GmbH - Der Spatz pflegt seinen Schatz.","description":"Der Spatz pflegt seinen Schatz.","publisher":{"@id":"https:\/\/pflegeteam-silberspatz.de\/#organization"},"potentialAction":[{"@type":"SearchAction","target":{"@type":"EntryPoint","urlTemplate":"https:\/\/pflegeteam-silberspatz.de\/?s={search_term_string}"},"query-input":{"@type":"PropertyValueSpecification","valueRequired":true,"valueName":"search_term_string"}}],"inLanguage":"de"},{"@type":"Organization","@id":"https:\/\/pflegeteam-silberspatz.de\/#organization","name":"Pflegeteam Silberspatz GmbH - Der Spatz pflegt seinen Schatz.","url":"https:\/\/pflegeteam-silberspatz.de\/","logo":{"@type":"ImageObject","inLanguage":"de","@id":"https:\/\/pflegeteam-silberspatz.de\/#\/schema\/logo\/image\/","url":"https:\/\/pflegeteam-silberspatz.de\/wp-content\/uploads\/2023\/04\/PflegeSpatz20233-e1685614471346.png","contentUrl":"https:\/\/pflegeteam-silberspatz.de\/wp-content\/uploads\/2023\/04\/PflegeSpatz20233-e1685614471346.png","width":152,"height":107,"caption":"Pflegeteam Silberspatz GmbH - Der Spatz pflegt seinen Schatz."},"image":{"@id":"https:\/\/pflegeteam-silberspatz.de\/#\/schema\/logo\/image\/"},"sameAs":["https:\/\/www.facebook.com\/profile.php?id=100091576785869"]}]}},"_links":{"self":[{"href":"https:\/\/pflegeteam-silberspatz.de\/index.php?rest_route=\/wp\/v2\/pages\/116","targetHints":{"allow":["GET"]}}],"collection":[{"href":"https:\/\/pflegeteam-silberspatz.de\/index.php?rest_route=\/wp\/v2\/pages"}],"about":[{"href":"https:\/\/pflegeteam-silberspatz.de\/index.php?rest_route=\/wp\/v2\/types\/page"}],"author":[{"embeddable":true,"href":"https:\/\/pflegeteam-silberspatz.de\/index.php?rest_route=\/wp\/v2\/users\/1"}],"replies":[{"embeddable":true,"href":"https:\/\/pflegeteam-silberspatz.de\/index.php?rest_route=%2Fwp%2Fv2%2Fcomments&post=116"}],"version-history":[{"count":8,"href":"https:\/\/pflegeteam-silberspatz.de\/index.php?rest_route=\/wp\/v2\/pages\/116\/revisions"}],"predecessor-version":[{"id":1322,"href":"https:\/\/pflegeteam-silberspatz.de\/index.php?rest_route=\/wp\/v2\/pages\/116\/revisions\/1322"}],"wp:attachment":[{"href":"https:\/\/pflegeteam-silberspatz.de\/index.php?rest_route=%2Fwp%2Fv2%2Fmedia&parent=116"}],"curies":[{"name":"wp","href":"https:\/\/api.w.org\/{rel}","templated":true}]}}