{"id":303,"date":"2017-02-17T09:23:50","date_gmt":"2017-02-17T09:23:50","guid":{"rendered":"https:\/\/xml-io.proteusthemes.com\/medicpress\/?page_id=303"},"modified":"2023-07-13T13:44:52","modified_gmt":"2023-07-13T13:44:52","slug":"family-medicine","status":"publish","type":"page","link":"https:\/\/pflegeteam-silberspatz.de\/?page_id=303","title":{"rendered":"Behandlungspflege2"},"content":{"rendered":"<div id=\"pl-303\"  class=\"panel-layout\" ><div id=\"pg-303-0\"  class=\"panel-grid panel-no-style\" ><div id=\"pgc-303-0-0\"  class=\"panel-grid-cell\" ><div id=\"panel-303-0-0-0\" class=\"so-panel widget widget_sow-editor panel-first-child panel-last-child\" data-index=\"0\" ><div\n\t\t\t\n\t\t\tclass=\"so-widget-sow-editor so-widget-sow-editor-base\"\n\t\t\t\n\t\t>\n<div class=\"siteorigin-widget-tinymce textwidget\">\n\t<h3>Behandlungspfelge<\/h3>\n<div class=\"elementor-column elementor-col-100 elementor-top-column elementor-element elementor-element-33bcf2e6\" data-id=\"33bcf2e6\" data-element_type=\"column\">\n<div class=\"elementor-widget-wrap elementor-element-populated\">\n<section class=\"elementor-section elementor-inner-section elementor-element elementor-element-c62bedb elementor-section-full_width elementor-section-height-min-height elementor-section-height-default\" data-id=\"c62bedb\" data-element_type=\"section\">\n<div class=\"elementor-container elementor-column-gap-default\">\n<div class=\"elementor-column elementor-col-100 elementor-inner-column elementor-element elementor-element-65e4f96a\" data-id=\"65e4f96a\" data-element_type=\"column\">\n<div class=\"elementor-widget-wrap elementor-element-populated\">\n<div class=\"elementor-element elementor-element-481fcecb elementor-icon-list--layout-traditional elementor-list-item-link-full_width elementor-widget elementor-widget-icon-list\" data-id=\"481fcecb\" data-element_type=\"widget\" data-widget_type=\"icon-list.default\">\n<div class=\"elementor-widget-container\">\n<ul>\n<li>Medikamentenmanagement<\/li>\n<li>Wunderversorgung<\/li>\n<li>An- und Ausziehen von Kompressionsstr\u00fcmpfen<\/li>\n<li>Kompressionsverb\u00e4nde anlegen<\/li>\n<li>\u00dcberwachung der Blutzuckerwerte<\/li>\n<li>Insulin - Injektion<\/li>\n<li>Infusionen<\/li>\n<\/ul>\n<\/div>\n<\/div>\n<div class=\"elementor-element elementor-element-a4ee54b elementor-widget elementor-widget-text-editor\" data-id=\"a4ee54b\" data-element_type=\"widget\" data-widget_type=\"text-editor.default\">\n<div class=\"elementor-widget-container\">\n<p>Selbstbestimmtes Pflegen zu Hause. Die Behandlungspflege wird von unseren ausgebildeten Pflegefachkr\u00e4ften ausgef\u00fchrt und umfasst ausschlie\u00dflich medizinische Leistungen.<\/p>\n<p>Medizinische Versorgung ist nicht nur im Krankenhaus m\u00f6glich. Auch in den eigenen vier W\u00e4nden kann pflegebed\u00fcrftigen Patienten eine optimale \u00dcberwachung und medizinische Versorgung<br \/>\nangeboten werden. Dazu geh\u00f6ren T\u00e4tigkeiten wie Medikamentengabe, Injektionen, Wundversorgung, Verbandswechsel, Blutdruck- und Blutzuckermessung, Insulingabe und vieles<br \/>\nmehr.<\/p>\n<\/div>\n<\/div>\n<\/div>\n<\/div>\n<\/div>\n<\/section>\n<\/div>\n<\/div>\n<p>&nbsp;<\/p>\n<\/div>\n<\/div><\/div><\/div><\/div><div id=\"pg-303-1\"  class=\"panel-grid panel-has-style\" ><div class=\"panel-row-style panel-row-style-for-303-1\" ><div id=\"pgc-303-1-0\"  class=\"panel-grid-cell\" ><div id=\"panel-303-1-0-0\" class=\"so-panel widget widget_sow-editor panel-first-child panel-last-child\" data-index=\"1\" ><div\n\t\t\t\n\t\t\tclass=\"so-widget-sow-editor so-widget-sow-editor-base\"\n\t\t\t\n\t\t>\n<div class=\"siteorigin-widget-tinymce textwidget\">\n\t<p><img fetchpriority=\"high\" fetchpriority=\"high\" decoding=\"async\" class=\"alignnone wp-image-1044\" src=\"https:\/\/pflegeteam-silberspatz.de\/wp-content\/uploads\/2023\/06\/BehandlungspflegePS-300x150.png\" alt=\"\" width=\"640\" height=\"320\" srcset=\"https:\/\/pflegeteam-silberspatz.de\/wp-content\/uploads\/2023\/06\/BehandlungspflegePS-300x150.png 300w, https:\/\/pflegeteam-silberspatz.de\/wp-content\/uploads\/2023\/06\/BehandlungspflegePS-768x384.png 768w, https:\/\/pflegeteam-silberspatz.de\/wp-content\/uploads\/2023\/06\/BehandlungspflegePS-350x175.png 350w, https:\/\/pflegeteam-silberspatz.de\/wp-content\/uploads\/2023\/06\/BehandlungspflegePS.png 860w\" sizes=\"(max-width: 640px) 100vw, 640px\" \/><\/p>\n<\/div>\n<\/div><\/div><\/div><\/div><\/div><\/div>","protected":false},"excerpt":{"rendered":"<p>World over people use massage therapy to help promote healthy skin, nourish and strengthen the body, relieve stress, reduce pain, and encourage balance and well being. Massage opens and increases the flow of energy.<\/p>\n","protected":false},"author":1,"featured_media":1044,"parent":116,"menu_order":0,"comment_status":"closed","ping_status":"closed","template":"","meta":{"_acf_changed":false,"footnotes":""},"class_list":{"0":"post-303","1":"page","2":"type-page","3":"status-publish","4":"has-post-thumbnail","6":"clearfix","7":"article"},"acf":[],"yoast_head":"<!-- This site is optimized with the Yoast SEO plugin v26.8 - https:\/\/yoast.com\/product\/yoast-seo-wordpress\/ -->\n<title>Behandlungspflege2 - Pflegeteam Silberspatz<\/title>\n<meta name=\"robots\" content=\"index, follow, max-snippet:-1, max-image-preview:large, max-video-preview:-1\" \/>\n<link rel=\"canonical\" href=\"https:\/\/pflegeteam-silberspatz.de\/?page_id=303\" \/>\n<meta property=\"og:locale\" content=\"de_DE\" \/>\n<meta property=\"og:type\" content=\"article\" \/>\n<meta property=\"og:title\" content=\"Behandlungspflege2 - Pflegeteam Silberspatz\" \/>\n<meta property=\"og:description\" content=\"World over people use massage therapy to help promote healthy skin, nourish and strengthen the body, relieve stress, reduce pain, and encourage balance and well being. Massage opens and increases the flow of energy.\" \/>\n<meta property=\"og:url\" content=\"https:\/\/pflegeteam-silberspatz.de\/?page_id=303\" \/>\n<meta property=\"og:site_name\" content=\"Pflegeteam Silberspatz\" \/>\n<meta property=\"article:publisher\" content=\"https:\/\/www.facebook.com\/profile.php?id=100091576785869\" \/>\n<meta property=\"article:modified_time\" content=\"2023-07-13T13:44:52+00:00\" \/>\n<meta property=\"og:image\" content=\"https:\/\/pflegeteam-silberspatz.de\/wp-content\/uploads\/2023\/06\/BehandlungspflegePS.png\" \/>\n\t<meta property=\"og:image:width\" content=\"860\" \/>\n\t<meta property=\"og:image:height\" content=\"430\" \/>\n\t<meta property=\"og:image:type\" content=\"image\/png\" \/>\n<meta name=\"twitter:card\" content=\"summary_large_image\" \/>\n<meta name=\"twitter:label1\" content=\"Gesch\u00e4tzte Lesezeit\" \/>\n\t<meta name=\"twitter:data1\" content=\"1 Minute\" \/>\n<script type=\"application\/ld+json\" class=\"yoast-schema-graph\">{\"@context\":\"https:\/\/schema.org\",\"@graph\":[{\"@type\":\"WebPage\",\"@id\":\"https:\/\/pflegeteam-silberspatz.de\/?page_id=303\",\"url\":\"https:\/\/pflegeteam-silberspatz.de\/?page_id=303\",\"name\":\"Behandlungspflege2 - Pflegeteam Silberspatz\",\"isPartOf\":{\"@id\":\"https:\/\/pflegeteam-silberspatz.de\/#website\"},\"primaryImageOfPage\":{\"@id\":\"https:\/\/pflegeteam-silberspatz.de\/?page_id=303#primaryimage\"},\"image\":{\"@id\":\"https:\/\/pflegeteam-silberspatz.de\/?page_id=303#primaryimage\"},\"thumbnailUrl\":\"https:\/\/pflegeteam-silberspatz.de\/wp-content\/uploads\/2023\/06\/BehandlungspflegePS.png\",\"datePublished\":\"2017-02-17T09:23:50+00:00\",\"dateModified\":\"2023-07-13T13:44:52+00:00\",\"breadcrumb\":{\"@id\":\"https:\/\/pflegeteam-silberspatz.de\/?page_id=303#breadcrumb\"},\"inLanguage\":\"de\",\"potentialAction\":[{\"@type\":\"ReadAction\",\"target\":[\"https:\/\/pflegeteam-silberspatz.de\/?page_id=303\"]}]},{\"@type\":\"ImageObject\",\"inLanguage\":\"de\",\"@id\":\"https:\/\/pflegeteam-silberspatz.de\/?page_id=303#primaryimage\",\"url\":\"https:\/\/pflegeteam-silberspatz.de\/wp-content\/uploads\/2023\/06\/BehandlungspflegePS.png\",\"contentUrl\":\"https:\/\/pflegeteam-silberspatz.de\/wp-content\/uploads\/2023\/06\/BehandlungspflegePS.png\",\"width\":860,\"height\":430},{\"@type\":\"BreadcrumbList\",\"@id\":\"https:\/\/pflegeteam-silberspatz.de\/?page_id=303#breadcrumb\",\"itemListElement\":[{\"@type\":\"ListItem\",\"position\":1,\"name\":\"Startseite\",\"item\":\"https:\/\/pflegeteam-silberspatz.de\/\"},{\"@type\":\"ListItem\",\"position\":2,\"name\":\"Unsere Leistungen\",\"item\":\"https:\/\/pflegeteam-silberspatz.de\/?page_id=116\"},{\"@type\":\"ListItem\",\"position\":3,\"name\":\"Behandlungspflege2\"}]},{\"@type\":\"WebSite\",\"@id\":\"https:\/\/pflegeteam-silberspatz.de\/#website\",\"url\":\"https:\/\/pflegeteam-silberspatz.de\/\",\"name\":\"Pflegeteam Silberspatz GmbH - Der Spatz pflegt seinen Schatz.\",\"description\":\"Der Spatz pflegt seinen Schatz.\",\"publisher\":{\"@id\":\"https:\/\/pflegeteam-silberspatz.de\/#organization\"},\"potentialAction\":[{\"@type\":\"SearchAction\",\"target\":{\"@type\":\"EntryPoint\",\"urlTemplate\":\"https:\/\/pflegeteam-silberspatz.de\/?s={search_term_string}\"},\"query-input\":{\"@type\":\"PropertyValueSpecification\",\"valueRequired\":true,\"valueName\":\"search_term_string\"}}],\"inLanguage\":\"de\"},{\"@type\":\"Organization\",\"@id\":\"https:\/\/pflegeteam-silberspatz.de\/#organization\",\"name\":\"Pflegeteam Silberspatz GmbH - Der Spatz pflegt seinen Schatz.\",\"url\":\"https:\/\/pflegeteam-silberspatz.de\/\",\"logo\":{\"@type\":\"ImageObject\",\"inLanguage\":\"de\",\"@id\":\"https:\/\/pflegeteam-silberspatz.de\/#\/schema\/logo\/image\/\",\"url\":\"https:\/\/pflegeteam-silberspatz.de\/wp-content\/uploads\/2023\/04\/PflegeSpatz20233-e1685614471346.png\",\"contentUrl\":\"https:\/\/pflegeteam-silberspatz.de\/wp-content\/uploads\/2023\/04\/PflegeSpatz20233-e1685614471346.png\",\"width\":152,\"height\":107,\"caption\":\"Pflegeteam Silberspatz GmbH - Der Spatz pflegt seinen Schatz.\"},\"image\":{\"@id\":\"https:\/\/pflegeteam-silberspatz.de\/#\/schema\/logo\/image\/\"},\"sameAs\":[\"https:\/\/www.facebook.com\/profile.php?id=100091576785869\"]}]}<\/script>\n<!-- \/ Yoast SEO plugin. -->","yoast_head_json":{"title":"Behandlungspflege2 - Pflegeteam Silberspatz","robots":{"index":"index","follow":"follow","max-snippet":"max-snippet:-1","max-image-preview":"max-image-preview:large","max-video-preview":"max-video-preview:-1"},"canonical":"https:\/\/pflegeteam-silberspatz.de\/?page_id=303","og_locale":"de_DE","og_type":"article","og_title":"Behandlungspflege2 - Pflegeteam Silberspatz","og_description":"World over people use massage therapy to help promote healthy skin, nourish and strengthen the body, relieve stress, reduce pain, and encourage balance and well being. Massage opens and increases the flow of energy.","og_url":"https:\/\/pflegeteam-silberspatz.de\/?page_id=303","og_site_name":"Pflegeteam Silberspatz","article_publisher":"https:\/\/www.facebook.com\/profile.php?id=100091576785869","article_modified_time":"2023-07-13T13:44:52+00:00","og_image":[{"width":860,"height":430,"url":"https:\/\/pflegeteam-silberspatz.de\/wp-content\/uploads\/2023\/06\/BehandlungspflegePS.png","type":"image\/png"}],"twitter_card":"summary_large_image","twitter_misc":{"Gesch\u00e4tzte Lesezeit":"1 Minute"},"schema":{"@context":"https:\/\/schema.org","@graph":[{"@type":"WebPage","@id":"https:\/\/pflegeteam-silberspatz.de\/?page_id=303","url":"https:\/\/pflegeteam-silberspatz.de\/?page_id=303","name":"Behandlungspflege2 - Pflegeteam Silberspatz","isPartOf":{"@id":"https:\/\/pflegeteam-silberspatz.de\/#website"},"primaryImageOfPage":{"@id":"https:\/\/pflegeteam-silberspatz.de\/?page_id=303#primaryimage"},"image":{"@id":"https:\/\/pflegeteam-silberspatz.de\/?page_id=303#primaryimage"},"thumbnailUrl":"https:\/\/pflegeteam-silberspatz.de\/wp-content\/uploads\/2023\/06\/BehandlungspflegePS.png","datePublished":"2017-02-17T09:23:50+00:00","dateModified":"2023-07-13T13:44:52+00:00","breadcrumb":{"@id":"https:\/\/pflegeteam-silberspatz.de\/?page_id=303#breadcrumb"},"inLanguage":"de","potentialAction":[{"@type":"ReadAction","target":["https:\/\/pflegeteam-silberspatz.de\/?page_id=303"]}]},{"@type":"ImageObject","inLanguage":"de","@id":"https:\/\/pflegeteam-silberspatz.de\/?page_id=303#primaryimage","url":"https:\/\/pflegeteam-silberspatz.de\/wp-content\/uploads\/2023\/06\/BehandlungspflegePS.png","contentUrl":"https:\/\/pflegeteam-silberspatz.de\/wp-content\/uploads\/2023\/06\/BehandlungspflegePS.png","width":860,"height":430},{"@type":"BreadcrumbList","@id":"https:\/\/pflegeteam-silberspatz.de\/?page_id=303#breadcrumb","itemListElement":[{"@type":"ListItem","position":1,"name":"Startseite","item":"https:\/\/pflegeteam-silberspatz.de\/"},{"@type":"ListItem","position":2,"name":"Unsere Leistungen","item":"https:\/\/pflegeteam-silberspatz.de\/?page_id=116"},{"@type":"ListItem","position":3,"name":"Behandlungspflege2"}]},{"@type":"WebSite","@id":"https:\/\/pflegeteam-silberspatz.de\/#website","url":"https:\/\/pflegeteam-silberspatz.de\/","name":"Pflegeteam Silberspatz GmbH - Der Spatz pflegt seinen Schatz.","description":"Der Spatz pflegt seinen Schatz.","publisher":{"@id":"https:\/\/pflegeteam-silberspatz.de\/#organization"},"potentialAction":[{"@type":"SearchAction","target":{"@type":"EntryPoint","urlTemplate":"https:\/\/pflegeteam-silberspatz.de\/?s={search_term_string}"},"query-input":{"@type":"PropertyValueSpecification","valueRequired":true,"valueName":"search_term_string"}}],"inLanguage":"de"},{"@type":"Organization","@id":"https:\/\/pflegeteam-silberspatz.de\/#organization","name":"Pflegeteam Silberspatz GmbH - Der Spatz pflegt seinen Schatz.","url":"https:\/\/pflegeteam-silberspatz.de\/","logo":{"@type":"ImageObject","inLanguage":"de","@id":"https:\/\/pflegeteam-silberspatz.de\/#\/schema\/logo\/image\/","url":"https:\/\/pflegeteam-silberspatz.de\/wp-content\/uploads\/2023\/04\/PflegeSpatz20233-e1685614471346.png","contentUrl":"https:\/\/pflegeteam-silberspatz.de\/wp-content\/uploads\/2023\/04\/PflegeSpatz20233-e1685614471346.png","width":152,"height":107,"caption":"Pflegeteam Silberspatz GmbH - Der Spatz pflegt seinen Schatz."},"image":{"@id":"https:\/\/pflegeteam-silberspatz.de\/#\/schema\/logo\/image\/"},"sameAs":["https:\/\/www.facebook.com\/profile.php?id=100091576785869"]}]}},"_links":{"self":[{"href":"https:\/\/pflegeteam-silberspatz.de\/index.php?rest_route=\/wp\/v2\/pages\/303","targetHints":{"allow":["GET"]}}],"collection":[{"href":"https:\/\/pflegeteam-silberspatz.de\/index.php?rest_route=\/wp\/v2\/pages"}],"about":[{"href":"https:\/\/pflegeteam-silberspatz.de\/index.php?rest_route=\/wp\/v2\/types\/page"}],"author":[{"embeddable":true,"href":"https:\/\/pflegeteam-silberspatz.de\/index.php?rest_route=\/wp\/v2\/users\/1"}],"replies":[{"embeddable":true,"href":"https:\/\/pflegeteam-silberspatz.de\/index.php?rest_route=%2Fwp%2Fv2%2Fcomments&post=303"}],"version-history":[{"count":14,"href":"https:\/\/pflegeteam-silberspatz.de\/index.php?rest_route=\/wp\/v2\/pages\/303\/revisions"}],"predecessor-version":[{"id":1260,"href":"https:\/\/pflegeteam-silberspatz.de\/index.php?rest_route=\/wp\/v2\/pages\/303\/revisions\/1260"}],"up":[{"embeddable":true,"href":"https:\/\/pflegeteam-silberspatz.de\/index.php?rest_route=\/wp\/v2\/pages\/116"}],"wp:featuredmedia":[{"embeddable":true,"href":"https:\/\/pflegeteam-silberspatz.de\/index.php?rest_route=\/wp\/v2\/media\/1044"}],"wp:attachment":[{"href":"https:\/\/pflegeteam-silberspatz.de\/index.php?rest_route=%2Fwp%2Fv2%2Fmedia&parent=303"}],"curies":[{"name":"wp","href":"https:\/\/api.w.org\/{rel}","templated":true}]}}