{"id":6,"date":"2023-04-14T09:49:37","date_gmt":"2023-04-14T09:49:37","guid":{"rendered":"https:\/\/pflegeteam-silberspatz.de\/?page_id=6"},"modified":"2024-04-29T09:51:40","modified_gmt":"2024-04-29T09:51:40","slug":"ueber-uns","status":"publish","type":"page","link":"https:\/\/pflegeteam-silberspatz.de\/?page_id=6","title":{"rendered":"\u00dcber uns"},"content":{"rendered":"<h1>\u00dcber uns<\/h1>\n<p>&nbsp;<\/p>\n<div style=\"width: 848px;\" class=\"wp-video\"><!--[if lt IE 9]><script>document.createElement('video');<\/script><![endif]-->\n<video class=\"wp-video-shortcode\" id=\"video-6-1\" width=\"848\" height=\"480\" preload=\"metadata\" controls=\"controls\"><source type=\"video\/mp4\" src=\"https:\/\/pflegeteam-silberspatz.de\/wp-content\/uploads\/2023\/07\/slider-1.mp4?_=1\" \/><a href=\"https:\/\/pflegeteam-silberspatz.de\/wp-content\/uploads\/2023\/07\/slider-1.mp4\">https:\/\/pflegeteam-silberspatz.de\/wp-content\/uploads\/2023\/07\/slider-1.mp4<\/a><\/video><\/div>\n<p>&nbsp;<\/p>\n<p><img fetchpriority=\"high\" decoding=\"async\" class=\"alignnone size-large wp-image-1364\" src=\"https:\/\/pflegeteam-silberspatz.de\/wp-content\/uploads\/2023\/10\/Slider1-1024x363.png\" alt=\"\" width=\"1024\" height=\"363\" srcset=\"https:\/\/pflegeteam-silberspatz.de\/wp-content\/uploads\/2023\/10\/Slider1-1024x363.png 1024w, https:\/\/pflegeteam-silberspatz.de\/wp-content\/uploads\/2023\/10\/Slider1-300x106.png 300w, https:\/\/pflegeteam-silberspatz.de\/wp-content\/uploads\/2023\/10\/Slider1-768x272.png 768w, https:\/\/pflegeteam-silberspatz.de\/wp-content\/uploads\/2023\/10\/Slider1-1536x544.png 1536w, https:\/\/pflegeteam-silberspatz.de\/wp-content\/uploads\/2023\/10\/Slider1-960x340.png 960w, https:\/\/pflegeteam-silberspatz.de\/wp-content\/uploads\/2023\/10\/Slider1-480x170.png 480w, https:\/\/pflegeteam-silberspatz.de\/wp-content\/uploads\/2023\/10\/Slider1.png 1920w\" sizes=\"(max-width: 1024px) 100vw, 1024px\" \/><br \/>\nWir sind ein Pflegeteam, das Sie bei der Bew\u00e4ltigung Ihres Alltags im Alter unterst\u00fctzt. Unsere<br \/>\nAufgabe besteht darin, Menschen, die pflegebed\u00fcrftig sind, zu unterst\u00fctzen.<\/p>\n<p>Oft kommt Pflegebed\u00fcrftigkeit ohne Vorwarnung und fordert viel Zeit, Kraft und Aufmerksamkeit. So helfen<br \/>\nwir Pflegebed\u00fcrftigen und ihren Angeh\u00f6rigen, um in dieser schwierigen Situation nicht allein zu<br \/>\nsein, steht Ihnen unser Pflegeteam sieben Tage die Woche zur Verf\u00fcgung.<\/p>\n<p>Unser Pflegeteam besteht aus erfahrenen examinierten Pflegekr\u00e4ften, die sich ihrer Verantwortung<br \/>\nbewusst sind. Die liebevolle und f\u00fcrsorgliche Betreuung ist f\u00fcr unsere Pflegekraft ebenso<br \/>\nselbstverst\u00e4ndlich wie die Bereitschaft, Angeh\u00f6rige und eventuelle Bezugspersonen unserer<br \/>\nPatienten einzubeziehen und fortlaufend zu informieren.<\/p>\n<p>Ihr Vertrauen ist unser Antrieb, denn die Zufriedenheit unserer Patienten und Angeh\u00f6rigen liegt uns sehr am Herzen.<\/p>\n<p>&nbsp;<\/p>\n<p>&nbsp;<\/p>\n","protected":false},"excerpt":{"rendered":"<p>\u00dcber uns &nbsp; &nbsp; Wir sind ein Pflegeteam, das Sie bei der Bew\u00e4ltigung Ihres Alltags im Alter unterst\u00fctzt. Unsere Aufgabe besteht darin, Menschen, die pflegebed\u00fcrftig sind, zu unterst\u00fctzen. Oft kommt Pflegebed\u00fcrftigkeit ohne Vorwarnung und fordert viel Zeit, Kraft und Aufmerksamkeit. So helfen wir Pflegebed\u00fcrftigen und ihren Angeh\u00f6rigen, um in dieser schwierigen Situation nicht allein zu &hellip;<\/p>\n","protected":false},"author":1,"featured_media":0,"parent":0,"menu_order":0,"comment_status":"closed","ping_status":"closed","template":"","meta":{"_acf_changed":false,"footnotes":""},"class_list":{"0":"post-6","1":"page","2":"type-page","3":"status-publish","5":"clearfix","6":"article"},"acf":[],"yoast_head":"<!-- This site is optimized with the Yoast SEO plugin v26.8 - https:\/\/yoast.com\/product\/yoast-seo-wordpress\/ -->\n<title>\u00dcber uns - Pflegeteam Silberspatz<\/title>\n<meta name=\"robots\" content=\"index, follow, max-snippet:-1, max-image-preview:large, max-video-preview:-1\" \/>\n<link rel=\"canonical\" href=\"https:\/\/pflegeteam-silberspatz.de\/?page_id=6\" \/>\n<meta property=\"og:locale\" content=\"de_DE\" \/>\n<meta property=\"og:type\" content=\"article\" \/>\n<meta property=\"og:title\" content=\"\u00dcber uns - Pflegeteam Silberspatz\" \/>\n<meta property=\"og:description\" content=\"\u00dcber uns &nbsp; &nbsp; Wir sind ein Pflegeteam, das Sie bei der Bew\u00e4ltigung Ihres Alltags im Alter unterst\u00fctzt. Unsere Aufgabe besteht darin, Menschen, die pflegebed\u00fcrftig sind, zu unterst\u00fctzen. Oft kommt Pflegebed\u00fcrftigkeit ohne Vorwarnung und fordert viel Zeit, Kraft und Aufmerksamkeit. So helfen wir Pflegebed\u00fcrftigen und ihren Angeh\u00f6rigen, um in dieser schwierigen Situation nicht allein zu &hellip;\" \/>\n<meta property=\"og:url\" content=\"https:\/\/pflegeteam-silberspatz.de\/?page_id=6\" \/>\n<meta property=\"og:site_name\" content=\"Pflegeteam Silberspatz\" \/>\n<meta property=\"article:publisher\" content=\"https:\/\/www.facebook.com\/profile.php?id=100091576785869\" \/>\n<meta property=\"article:modified_time\" content=\"2024-04-29T09:51:40+00:00\" \/>\n<meta property=\"og:image\" content=\"https:\/\/pflegeteam-silberspatz.de\/wp-content\/uploads\/2023\/10\/Slider1-1024x363.png\" \/>\n<meta name=\"twitter:card\" content=\"summary_large_image\" \/>\n<meta name=\"twitter:label1\" content=\"Gesch\u00e4tzte Lesezeit\" \/>\n\t<meta name=\"twitter:data1\" content=\"1 Minute\" \/>\n<script type=\"application\/ld+json\" class=\"yoast-schema-graph\">{\"@context\":\"https:\/\/schema.org\",\"@graph\":[{\"@type\":\"WebPage\",\"@id\":\"https:\/\/pflegeteam-silberspatz.de\/?page_id=6\",\"url\":\"https:\/\/pflegeteam-silberspatz.de\/?page_id=6\",\"name\":\"\u00dcber uns - Pflegeteam Silberspatz\",\"isPartOf\":{\"@id\":\"https:\/\/pflegeteam-silberspatz.de\/#website\"},\"primaryImageOfPage\":{\"@id\":\"https:\/\/pflegeteam-silberspatz.de\/?page_id=6#primaryimage\"},\"image\":{\"@id\":\"https:\/\/pflegeteam-silberspatz.de\/?page_id=6#primaryimage\"},\"thumbnailUrl\":\"https:\/\/pflegeteam-silberspatz.de\/wp-content\/uploads\/2023\/10\/Slider1-1024x363.png\",\"datePublished\":\"2023-04-14T09:49:37+00:00\",\"dateModified\":\"2024-04-29T09:51:40+00:00\",\"breadcrumb\":{\"@id\":\"https:\/\/pflegeteam-silberspatz.de\/?page_id=6#breadcrumb\"},\"inLanguage\":\"de\",\"potentialAction\":[{\"@type\":\"ReadAction\",\"target\":[\"https:\/\/pflegeteam-silberspatz.de\/?page_id=6\"]}]},{\"@type\":\"ImageObject\",\"inLanguage\":\"de\",\"@id\":\"https:\/\/pflegeteam-silberspatz.de\/?page_id=6#primaryimage\",\"url\":\"https:\/\/pflegeteam-silberspatz.de\/wp-content\/uploads\/2023\/10\/Slider1.png\",\"contentUrl\":\"https:\/\/pflegeteam-silberspatz.de\/wp-content\/uploads\/2023\/10\/Slider1.png\",\"width\":1920,\"height\":680},{\"@type\":\"BreadcrumbList\",\"@id\":\"https:\/\/pflegeteam-silberspatz.de\/?page_id=6#breadcrumb\",\"itemListElement\":[{\"@type\":\"ListItem\",\"position\":1,\"name\":\"Startseite\",\"item\":\"https:\/\/pflegeteam-silberspatz.de\/\"},{\"@type\":\"ListItem\",\"position\":2,\"name\":\"\u00dcber uns\"}]},{\"@type\":\"WebSite\",\"@id\":\"https:\/\/pflegeteam-silberspatz.de\/#website\",\"url\":\"https:\/\/pflegeteam-silberspatz.de\/\",\"name\":\"Pflegeteam Silberspatz GmbH - Der Spatz pflegt seinen Schatz.\",\"description\":\"Der Spatz pflegt seinen Schatz.\",\"publisher\":{\"@id\":\"https:\/\/pflegeteam-silberspatz.de\/#organization\"},\"potentialAction\":[{\"@type\":\"SearchAction\",\"target\":{\"@type\":\"EntryPoint\",\"urlTemplate\":\"https:\/\/pflegeteam-silberspatz.de\/?s={search_term_string}\"},\"query-input\":{\"@type\":\"PropertyValueSpecification\",\"valueRequired\":true,\"valueName\":\"search_term_string\"}}],\"inLanguage\":\"de\"},{\"@type\":\"Organization\",\"@id\":\"https:\/\/pflegeteam-silberspatz.de\/#organization\",\"name\":\"Pflegeteam Silberspatz GmbH - Der Spatz pflegt seinen Schatz.\",\"url\":\"https:\/\/pflegeteam-silberspatz.de\/\",\"logo\":{\"@type\":\"ImageObject\",\"inLanguage\":\"de\",\"@id\":\"https:\/\/pflegeteam-silberspatz.de\/#\/schema\/logo\/image\/\",\"url\":\"https:\/\/pflegeteam-silberspatz.de\/wp-content\/uploads\/2023\/04\/PflegeSpatz20233-e1685614471346.png\",\"contentUrl\":\"https:\/\/pflegeteam-silberspatz.de\/wp-content\/uploads\/2023\/04\/PflegeSpatz20233-e1685614471346.png\",\"width\":152,\"height\":107,\"caption\":\"Pflegeteam Silberspatz GmbH - Der Spatz pflegt seinen Schatz.\"},\"image\":{\"@id\":\"https:\/\/pflegeteam-silberspatz.de\/#\/schema\/logo\/image\/\"},\"sameAs\":[\"https:\/\/www.facebook.com\/profile.php?id=100091576785869\"]}]}<\/script>\n<!-- \/ Yoast SEO plugin. -->","yoast_head_json":{"title":"\u00dcber uns - Pflegeteam Silberspatz","robots":{"index":"index","follow":"follow","max-snippet":"max-snippet:-1","max-image-preview":"max-image-preview:large","max-video-preview":"max-video-preview:-1"},"canonical":"https:\/\/pflegeteam-silberspatz.de\/?page_id=6","og_locale":"de_DE","og_type":"article","og_title":"\u00dcber uns - Pflegeteam Silberspatz","og_description":"\u00dcber uns &nbsp; &nbsp; Wir sind ein Pflegeteam, das Sie bei der Bew\u00e4ltigung Ihres Alltags im Alter unterst\u00fctzt. Unsere Aufgabe besteht darin, Menschen, die pflegebed\u00fcrftig sind, zu unterst\u00fctzen. Oft kommt Pflegebed\u00fcrftigkeit ohne Vorwarnung und fordert viel Zeit, Kraft und Aufmerksamkeit. So helfen wir Pflegebed\u00fcrftigen und ihren Angeh\u00f6rigen, um in dieser schwierigen Situation nicht allein zu &hellip;","og_url":"https:\/\/pflegeteam-silberspatz.de\/?page_id=6","og_site_name":"Pflegeteam Silberspatz","article_publisher":"https:\/\/www.facebook.com\/profile.php?id=100091576785869","article_modified_time":"2024-04-29T09:51:40+00:00","og_image":[{"url":"https:\/\/pflegeteam-silberspatz.de\/wp-content\/uploads\/2023\/10\/Slider1-1024x363.png","type":"","width":"","height":""}],"twitter_card":"summary_large_image","twitter_misc":{"Gesch\u00e4tzte Lesezeit":"1 Minute"},"schema":{"@context":"https:\/\/schema.org","@graph":[{"@type":"WebPage","@id":"https:\/\/pflegeteam-silberspatz.de\/?page_id=6","url":"https:\/\/pflegeteam-silberspatz.de\/?page_id=6","name":"\u00dcber uns - Pflegeteam Silberspatz","isPartOf":{"@id":"https:\/\/pflegeteam-silberspatz.de\/#website"},"primaryImageOfPage":{"@id":"https:\/\/pflegeteam-silberspatz.de\/?page_id=6#primaryimage"},"image":{"@id":"https:\/\/pflegeteam-silberspatz.de\/?page_id=6#primaryimage"},"thumbnailUrl":"https:\/\/pflegeteam-silberspatz.de\/wp-content\/uploads\/2023\/10\/Slider1-1024x363.png","datePublished":"2023-04-14T09:49:37+00:00","dateModified":"2024-04-29T09:51:40+00:00","breadcrumb":{"@id":"https:\/\/pflegeteam-silberspatz.de\/?page_id=6#breadcrumb"},"inLanguage":"de","potentialAction":[{"@type":"ReadAction","target":["https:\/\/pflegeteam-silberspatz.de\/?page_id=6"]}]},{"@type":"ImageObject","inLanguage":"de","@id":"https:\/\/pflegeteam-silberspatz.de\/?page_id=6#primaryimage","url":"https:\/\/pflegeteam-silberspatz.de\/wp-content\/uploads\/2023\/10\/Slider1.png","contentUrl":"https:\/\/pflegeteam-silberspatz.de\/wp-content\/uploads\/2023\/10\/Slider1.png","width":1920,"height":680},{"@type":"BreadcrumbList","@id":"https:\/\/pflegeteam-silberspatz.de\/?page_id=6#breadcrumb","itemListElement":[{"@type":"ListItem","position":1,"name":"Startseite","item":"https:\/\/pflegeteam-silberspatz.de\/"},{"@type":"ListItem","position":2,"name":"\u00dcber uns"}]},{"@type":"WebSite","@id":"https:\/\/pflegeteam-silberspatz.de\/#website","url":"https:\/\/pflegeteam-silberspatz.de\/","name":"Pflegeteam Silberspatz GmbH - Der Spatz pflegt seinen Schatz.","description":"Der Spatz pflegt seinen Schatz.","publisher":{"@id":"https:\/\/pflegeteam-silberspatz.de\/#organization"},"potentialAction":[{"@type":"SearchAction","target":{"@type":"EntryPoint","urlTemplate":"https:\/\/pflegeteam-silberspatz.de\/?s={search_term_string}"},"query-input":{"@type":"PropertyValueSpecification","valueRequired":true,"valueName":"search_term_string"}}],"inLanguage":"de"},{"@type":"Organization","@id":"https:\/\/pflegeteam-silberspatz.de\/#organization","name":"Pflegeteam Silberspatz GmbH - Der Spatz pflegt seinen Schatz.","url":"https:\/\/pflegeteam-silberspatz.de\/","logo":{"@type":"ImageObject","inLanguage":"de","@id":"https:\/\/pflegeteam-silberspatz.de\/#\/schema\/logo\/image\/","url":"https:\/\/pflegeteam-silberspatz.de\/wp-content\/uploads\/2023\/04\/PflegeSpatz20233-e1685614471346.png","contentUrl":"https:\/\/pflegeteam-silberspatz.de\/wp-content\/uploads\/2023\/04\/PflegeSpatz20233-e1685614471346.png","width":152,"height":107,"caption":"Pflegeteam Silberspatz GmbH - Der Spatz pflegt seinen Schatz."},"image":{"@id":"https:\/\/pflegeteam-silberspatz.de\/#\/schema\/logo\/image\/"},"sameAs":["https:\/\/www.facebook.com\/profile.php?id=100091576785869"]}]}},"_links":{"self":[{"href":"https:\/\/pflegeteam-silberspatz.de\/index.php?rest_route=\/wp\/v2\/pages\/6","targetHints":{"allow":["GET"]}}],"collection":[{"href":"https:\/\/pflegeteam-silberspatz.de\/index.php?rest_route=\/wp\/v2\/pages"}],"about":[{"href":"https:\/\/pflegeteam-silberspatz.de\/index.php?rest_route=\/wp\/v2\/types\/page"}],"author":[{"embeddable":true,"href":"https:\/\/pflegeteam-silberspatz.de\/index.php?rest_route=\/wp\/v2\/users\/1"}],"replies":[{"embeddable":true,"href":"https:\/\/pflegeteam-silberspatz.de\/index.php?rest_route=%2Fwp%2Fv2%2Fcomments&post=6"}],"version-history":[{"count":24,"href":"https:\/\/pflegeteam-silberspatz.de\/index.php?rest_route=\/wp\/v2\/pages\/6\/revisions"}],"predecessor-version":[{"id":1405,"href":"https:\/\/pflegeteam-silberspatz.de\/index.php?rest_route=\/wp\/v2\/pages\/6\/revisions\/1405"}],"wp:attachment":[{"href":"https:\/\/pflegeteam-silberspatz.de\/index.php?rest_route=%2Fwp%2Fv2%2Fmedia&parent=6"}],"curies":[{"name":"wp","href":"https:\/\/api.w.org\/{rel}","templated":true}]}}